{"id":151,"date":"2015-11-20T20:29:30","date_gmt":"2015-11-20T20:29:30","guid":{"rendered":"http:\/\/apuntescreativos.890m.com\/?page_id=151"},"modified":"2015-11-20T20:29:30","modified_gmt":"2015-11-20T20:29:30","slug":"infografia","status":"publish","type":"page","link":"https:\/\/tunjasoporte.890m.com\/index.php\/infografia\/","title":{"rendered":"Infograf\u00eda"},"content":{"rendered":"<h2>Herramientas empleadas para la programaci\u00f3n de una aplicaci\u00f3n\u00a0php<\/h2>\n<p>&nbsp;<\/p>\n<p>abrir imagenes de mysql desde php<br \/>\nhttp:\/\/www.lawebdelprogramador.com\/codigo\/PHP\/70-Guardar-y-mostrar-una-imagen-de-una-base-de-datos-MySQL.html<\/p>\n<p>direccio de curso de php<br \/>\nhttps:\/\/www.youtube.com\/watch?v=JNbTvInths0<\/p>\n<p>estrellas php<br \/>\n<iframe loading=\"lazy\" title=\"Aprendiendo jQuery: Conociendo el Plugin jQuery Raty\" width=\"500\" height=\"281\" src=\"https:\/\/www.youtube.com\/embed\/uiWgQUnc_8c?list=PLeWI3XlFEVOXGVKmaorlxBo979R7CpRgS\" frameborder=\"0\" allow=\"accelerometer; autoplay; clipboard-write; encrypted-media; gyroscope; picture-in-picture; web-share\" referrerpolicy=\"strict-origin-when-cross-origin\" allowfullscreen><\/iframe><\/p>\n<p>curso jquery<br \/>\n<iframe loading=\"lazy\" title=\"Tutorial JavaScript 1 - &quot;Hola Mundo&quot;, Variables y Operadores\" width=\"500\" height=\"281\" src=\"https:\/\/www.youtube.com\/embed\/TDZws0KU_vs?feature=oembed\" frameborder=\"0\" allow=\"accelerometer; autoplay; clipboard-write; encrypted-media; gyroscope; picture-in-picture; web-share\" referrerpolicy=\"strict-origin-when-cross-origin\" allowfullscreen><\/iframe><br \/>\n<iframe loading=\"lazy\" title=\"Curso jQuery aula 01 - Introdu\u00e7\u00e3o \u00e0 jQuery\" width=\"500\" height=\"375\" src=\"https:\/\/www.youtube.com\/embed\/_aVePG46UEo?feature=oembed\" frameborder=\"0\" allow=\"accelerometer; autoplay; clipboard-write; encrypted-media; gyroscope; picture-in-picture; web-share\" referrerpolicy=\"strict-origin-when-cross-origin\" allowfullscreen><\/iframe><\/p>\n<p>tutorial html5<br \/>\n<iframe loading=\"lazy\" title=\"Curso Completo de HTML5, CSS3 y JavaScript Parte I\" width=\"500\" height=\"281\" src=\"https:\/\/www.youtube.com\/embed\/qz8Q1UGQdts?feature=oembed\" frameborder=\"0\" allow=\"accelerometer; autoplay; clipboard-write; encrypted-media; gyroscope; picture-in-picture; web-share\" referrerpolicy=\"strict-origin-when-cross-origin\" allowfullscreen><\/iframe><br \/>\nhttp:\/\/www.w3schools.com\/html\/html_intro.asp<\/p>\n<p>hora y fecha php<br \/>\nhttp:\/\/www.anerbarrena.com\/php-date-1018\/<\/p>\n<p>plugin firefox para saber las tecnologias de una pagina:<br \/>\nWappalyizer<br \/>\ngeneralidades cakephp &#8211; framework de desarrollo<br \/>\nhttp:\/\/book.cakephp.org\/1.3\/es\/The-Manual\/Beginning-With-CakePHP\/What-is-CakePHP-Why-Use-it.html<\/p>\n<p>hosting recomendados<br \/>\n000webhost.com<br \/>\n5gbfree.com<br \/>\na2hosting.com<br \/>\nhostgator.com<\/p>\n<p>como escribir una imagen en mysql<\/p>\n<blockquote class=\"wp-embedded-content\" data-secret=\"Ww33fNBfHF\"><p><a href=\"https:\/\/jonathanmelgoza.com\/blog\/guardar-y-leer-imagenes-en-mysql-con-java\/\">Guardar y Leer Imagenes en Mysql con Java<\/a><\/p><\/blockquote>\n<p><iframe loading=\"lazy\" class=\"wp-embedded-content\" sandbox=\"allow-scripts\" security=\"restricted\" style=\"position: absolute; visibility: hidden;\" title=\"\u00abGuardar y Leer Imagenes en Mysql con Java\u00bb \u2014 Jonathan Melgoza\" src=\"https:\/\/jonathanmelgoza.com\/blog\/guardar-y-leer-imagenes-en-mysql-con-java\/embed\/#?secret=yoxUItUbNJ#?secret=Ww33fNBfHF\" data-secret=\"Ww33fNBfHF\" width=\"500\" height=\"282\" frameborder=\"0\" marginwidth=\"0\" marginheight=\"0\" scrolling=\"no\"><\/iframe><\/p>\n<p>pagina de iconos. Super.<br \/>\nse deben descomprimir unicamente el estilo.css y la carpeta fonts<br \/>\nhttp:\/\/www.falconmasters.com<\/p>\n<p>pagina para crear iconos basados en fuentes<\/p>\n<blockquote class=\"wp-embedded-content\" data-secret=\"2JZRjVtXm6\"><p><a href=\"https:\/\/www.falconmasters.com\/tutoriales\/como-utilizar-iconos-sitio-web-css\/\">Como utilizar iconos para sitio web mediante fuentes y CSS<\/a><\/p><\/blockquote>\n<p><iframe loading=\"lazy\" class=\"wp-embedded-content\" sandbox=\"allow-scripts\" security=\"restricted\" style=\"position: absolute; visibility: hidden;\" title=\"\u00abComo utilizar iconos para sitio web mediante fuentes y CSS\u00bb \u2014 FalconMasters\" src=\"https:\/\/www.falconmasters.com\/tutoriales\/como-utilizar-iconos-sitio-web-css\/embed\/#?secret=N0yTiuw1rg#?secret=2JZRjVtXm6\" data-secret=\"2JZRjVtXm6\" width=\"500\" height=\"282\" frameborder=\"0\" marginwidth=\"0\" marginheight=\"0\" scrolling=\"no\"><\/iframe><br \/>\nLink a Icomoon: http:\/\/icomoon.io\/<\/p>\n<p>menu desplegable<br \/>\n<iframe loading=\"lazy\" title=\"Como hacer un men\u00fa de navegaci\u00f3n desplegable con Animaciones CSS3\" width=\"500\" height=\"281\" src=\"https:\/\/www.youtube.com\/embed\/z-CPRslZS_A?feature=oembed\" frameborder=\"0\" allow=\"accelerometer; autoplay; clipboard-write; encrypted-media; gyroscope; picture-in-picture; web-share\" referrerpolicy=\"strict-origin-when-cross-origin\" allowfullscreen><\/iframe><\/p>\n<p>cssgenerator<br \/>\n<iframe loading=\"lazy\" title=\"Como hacer un men\u00fa de navegaci\u00f3n desplegable con Animaciones CSS3\" width=\"500\" height=\"281\" src=\"https:\/\/www.youtube.com\/embed\/z-CPRslZS_A?feature=oembed\" frameborder=\"0\" allow=\"accelerometer; autoplay; clipboard-write; encrypted-media; gyroscope; picture-in-picture; web-share\" referrerpolicy=\"strict-origin-when-cross-origin\" allowfullscreen><\/iframe><\/p>\n<p>curso de dise\u00f1o web<br \/>\n<iframe loading=\"lazy\" title=\"Curso de Dise\u00f1o Web - 2. Dise\u00f1o del Header y Slideshow\" width=\"500\" height=\"281\" src=\"https:\/\/www.youtube.com\/embed\/87hScoqajng?feature=oembed\" frameborder=\"0\" allow=\"accelerometer; autoplay; clipboard-write; encrypted-media; gyroscope; picture-in-picture; web-share\" referrerpolicy=\"strict-origin-when-cross-origin\" allowfullscreen><\/iframe><\/p>\n<p>funcion drag and drop<br \/>\n<iframe loading=\"lazy\" title=\"Tutorial jQuery - Drag &amp; Drop Parte 2\" width=\"500\" height=\"281\" src=\"https:\/\/www.youtube.com\/embed\/TzLCBRjLgHc?feature=oembed\" frameborder=\"0\" allow=\"accelerometer; autoplay; clipboard-write; encrypted-media; gyroscope; picture-in-picture; web-share\" referrerpolicy=\"strict-origin-when-cross-origin\" allowfullscreen><\/iframe><\/p>\n<p>plugin validador de formularios<br \/>\nhttp:\/\/jqueryvalidation.org\/<\/p>\n<p>informacion sobre ajax jquery php<br \/>\nhttp:\/\/www.imaginanet.com\/blog\/usando-ajax-un-simple-ejemplo-con-php-y-jquery.html<\/p>\n<p>programacion orientada a objetos javascript<br \/>\nhttp:\/\/es.wikibooks.org\/wiki\/Programaci%C3%B3n_en_JavaScript\/OOP<\/p>\n<p>modificacion de tema o estilos jquery<br \/>\nhttp:\/\/www.desarrolloweb.com\/articulos\/jquery-ui-dialog.html<\/p>\n<p>optimizacion de busquedas<br \/>\nhttp:\/\/www.posicionar-web.info\/seo-basico\/optimizacion-seo\/<\/p>\n<p>consejos de instalacion y herramientas php<br \/>\nhttp:\/\/www.desarrolloweb.com\/en-directo\/herramientas-desarrollo-profesional-phpio-8843.html<\/p>\n<p>enviar correo electronico desde php<br \/>\nhttp:\/\/www.desarrolloweb.com\/articulos\/phpmailer.html<br \/>\nhttp:\/\/www.desarrolloweb.com\/articulos\/envio-mail-usando-smtp-gmail.html<\/p>\n<p>instalacion de phonegap<br \/>\n<iframe loading=\"lazy\" title=\"Phonegap tutorial 1 - Installation and Develops Android\" width=\"500\" height=\"281\" src=\"https:\/\/www.youtube.com\/embed\/nqFpfrUrMM4?feature=oembed\" frameborder=\"0\" allow=\"accelerometer; autoplay; clipboard-write; encrypted-media; gyroscope; picture-in-picture; web-share\" referrerpolicy=\"strict-origin-when-cross-origin\" allowfullscreen><\/iframe><\/p>\n<p>enviar correo en segundo plano<br \/>\nhttp:\/\/construyendotuweb.blogspot.com\/2012\/09\/formulario-de-correo-y-su-envio.html<\/p>\n<p>posible configuracion de seguridad en tomcat<br \/>\nhttp:\/\/www.adictosaltrabajo.com\/tutoriales\/tutoriales.php?pagina=seguridadtomcat<\/p>\n<p>&nbsp;<\/p>\n<h2>Herramientas empleadas para la programaci\u00f3n de una aplicaci\u00f3n m\u00f3vil.<\/h2>\n<p>&nbsp;<\/p>\n<p>tutorial de creacion de una aplicacion phonegap.<br \/>\nregistro de usuarios<br \/>\n<iframe loading=\"lazy\" title=\"Phonegap - Aprenda a Criar um Cadastro de Clientes para Android - V\u00eddeo 11\" width=\"500\" height=\"281\" src=\"https:\/\/www.youtube.com\/embed\/7JH0yAW3srk?feature=oembed\" frameborder=\"0\" allow=\"accelerometer; autoplay; clipboard-write; encrypted-media; gyroscope; picture-in-picture; web-share\" referrerpolicy=\"strict-origin-when-cross-origin\" allowfullscreen><\/iframe><\/p>\n<p>tutorial de jquery mobile desarrolloweb.com<br \/>\nhttp:\/\/www.desarrolloweb.com\/articulos\/introduccion-jquery-mobile.html<\/p>\n<p>tutorial oficial jquery mobile<br \/>\nhttp:\/\/www.w3schools.com\/jquerymobile\/jquerymobile_get_started.asp<\/p>\n<p>&nbsp;<\/p>\n<p>&nbsp;<\/p>\n<p>&nbsp;<\/p>\n","protected":false},"excerpt":{"rendered":"<p>Herramientas empleadas para la programaci\u00f3n de una aplicaci\u00f3n\u00a0php &nbsp; abrir imagenes de mysql desde php http:\/\/www.lawebdelprogramador.com\/codigo\/PHP\/70-Guardar-y-mostrar-una-imagen-de-una-base-de-datos-MySQL.html direccio de curso de php https:\/\/www.youtube.com\/watch?v=JNbTvInths0 estrellas php curso jquery tutorial html5 http:\/\/www.w3schools.com\/html\/html_intro.asp hora y fecha php http:\/\/www.anerbarrena.com\/php-date-1018\/ plugin firefox para saber las tecnologias de una pagina: Wappalyizer generalidades cakephp &#8211; framework de desarrollo http:\/\/book.cakephp.org\/1.3\/es\/The-Manual\/Beginning-With-CakePHP\/What-is-CakePHP-Why-Use-it.html hosting recomendados 000webhost.com 5gbfree.com [&hellip;]<\/p>\n","protected":false},"author":2,"featured_media":0,"parent":0,"menu_order":0,"comment_status":"open","ping_status":"open","template":"","meta":{"footnotes":""},"class_list":["post-151","page","type-page","status-publish","hentry"],"_links":{"self":[{"href":"https:\/\/tunjasoporte.890m.com\/index.php\/wp-json\/wp\/v2\/pages\/151","targetHints":{"allow":["GET"]}}],"collection":[{"href":"https:\/\/tunjasoporte.890m.com\/index.php\/wp-json\/wp\/v2\/pages"}],"about":[{"href":"https:\/\/tunjasoporte.890m.com\/index.php\/wp-json\/wp\/v2\/types\/page"}],"author":[{"embeddable":true,"href":"https:\/\/tunjasoporte.890m.com\/index.php\/wp-json\/wp\/v2\/users\/2"}],"replies":[{"embeddable":true,"href":"https:\/\/tunjasoporte.890m.com\/index.php\/wp-json\/wp\/v2\/comments?post=151"}],"version-history":[{"count":0,"href":"https:\/\/tunjasoporte.890m.com\/index.php\/wp-json\/wp\/v2\/pages\/151\/revisions"}],"wp:attachment":[{"href":"https:\/\/tunjasoporte.890m.com\/index.php\/wp-json\/wp\/v2\/media?parent=151"}],"curies":[{"name":"wp","href":"https:\/\/api.w.org\/{rel}","templated":true}]}}