{"id":163,"date":"2016-02-16T19:59:32","date_gmt":"2016-02-16T19:59:32","guid":{"rendered":"http:\/\/apuntescreativos.890m.com\/?page_id=163"},"modified":"2016-02-16T19:59:32","modified_gmt":"2016-02-16T19:59:32","slug":"opencart","status":"publish","type":"page","link":"https:\/\/tunjasoporte.890m.com\/index.php\/opencart\/","title":{"rendered":"OpenCart"},"content":{"rendered":"<h2>Instalaci\u00f3n de Opencart<\/h2>\n<p>&nbsp;<\/p>\n<p>Lo primero es descargar la versi\u00f3n de opencart mas reciente. \u201copencart.com\u201d<\/p>\n<p><a href=\"http:\/\/localhost\/miblog\/wp-content\/uploads\/2016\/02\/opencart1-e1455652410549-1.png\"><img loading=\"lazy\" decoding=\"async\" class=\"wp-image-164 aligncenter\" src=\"http:\/\/localhost\/miblog\/wp-content\/uploads\/2016\/02\/opencart1-e1455652410549-1.png\" alt=\"opencart1\" width=\"662\" height=\"331\" \/><\/a><\/p>\n<p>Se descomprime el archivo descargado, y all\u00ed encontraremos unas instrucciones de instalaci\u00f3n en el archivo install.txt<\/p>\n<p>&nbsp;<\/p>\n<p>Lo primero es subir\u00a0 el contenido de la carpeta upload a nuestro directorio raiz de hosting. Por lo general a este se le llama \u201cpublic_html\u201d y la forma m\u00e1s f\u00e1cil de hacerlo es empleando el servidor de ftp.<\/p>\n<p><a href=\"http:\/\/localhost\/miblog\/wp-content\/uploads\/2016\/02\/opencart2-e1455652476306-1.png\"><img loading=\"lazy\" decoding=\"async\" class=\"size-full wp-image-165 aligncenter\" src=\"http:\/\/localhost\/miblog\/wp-content\/uploads\/2016\/02\/opencart2-e1455652476306-1.png\" alt=\"opencart2\" width=\"527\" height=\"600\" \/><\/a><\/p>\n<p>Un servicio de hosting tambi\u00e9n suele tener instalado el servidor ssh, mediante este, podemos editar o manejar la informaci\u00f3n de nuestra informaci\u00f3n de hosting mediante consola. Para el caso de hostinguer, el cual es el servidor que hemos utilizado para realizar estas pruebas es necesario activarlo. Alli se nos ofrece los datos para acceder a nuestra cuenta mediante la utilizaci\u00f3n del protocolo ssh.<\/p>\n<p>Una vez se hayan cargado los archivos de opencart se nos exige hacer las siguientes modificaciones:<\/p>\n<p>Renombrar config-dist.php por config.php<\/p>\n<p>Renombrar admin\/config-dist.php a\u00a0 admin\/config.php<\/p>\n<p>&nbsp;<\/p>\n<p>Cambiar permisos de escritura a los siguientes directorios y archivos:<\/p>\n<pre>chmod 0755 or 0777 system\/cache\/<\/pre>\n<pre>chmod 0755 or 0777 system\/logs\/<\/pre>\n<pre>chmod 0755 or 0777 system\/download\/<\/pre>\n<pre>chmod 0755 or 0777 system\/upload\/<\/pre>\n<pre>chmod 0755 or 0777 image\/<\/pre>\n<pre>chmod 0755 or 0777 image\/cache\/<\/pre>\n<pre>chmod 0755 or 0777 image\/catalog\/<\/pre>\n<pre>chmod 0755 or 0777 config.php<\/pre>\n<pre>chmod 0755 or 0777 admin\/config.php<\/pre>\n<p>&nbsp;<\/p>\n<p>Crear una base de datos haciendo lo posible por evitar que el usuario y la contrase\u00f1a sean \u201cROOT\u201d.<\/p>\n<p>&nbsp;<\/p>\n<p>Para iniciar la instalaci\u00f3n basta con teclear en la barra de navegaci\u00f3n la url del dominio que hemos contratado.<\/p>\n<p><a href=\"http:\/\/localhost\/miblog\/wp-content\/uploads\/2016\/02\/opencart3-e1455652584268-1.png\"><img loading=\"lazy\" decoding=\"async\" class=\"wp-image-166 aligncenter\" src=\"http:\/\/localhost\/miblog\/wp-content\/uploads\/2016\/02\/opencart3-e1455652584268-1.png\" alt=\"opencart3\" width=\"644\" height=\"296\" \/><\/a><\/p>\n<p>&nbsp;<\/p>\n<p><a href=\"http:\/\/localhost\/miblog\/wp-content\/uploads\/2016\/02\/opencart4-e1455652716737-1.png\"><img loading=\"lazy\" decoding=\"async\" class=\" wp-image-167 aligncenter\" src=\"http:\/\/localhost\/miblog\/wp-content\/uploads\/2016\/02\/opencart4-e1455652716737-1.png\" alt=\"opencart4\" width=\"642\" height=\"294\" \/><\/a><\/p>\n<p>&nbsp;<\/p>\n<p>Cabe la posibilidad que se requieran algunas librer\u00edas para el funcionamiento correcto de opencat. Para dar soluci\u00f3n se pueden emplear los siguientes comandos:<\/p>\n<pre>sudo apt-get install libapache2-mod-php5<\/pre>\n<pre>apt-get install php5-mysql<\/pre>\n<pre>apt-get install php5-gd<\/pre>\n<pre>apt-get install php5-curl<\/pre>\n<pre>apt-get install php5-mCrypt<\/pre>\n<p>&nbsp;<\/p>\n<p>Localizar y editar el fichero mrcrypt.ini<\/p>\n<p>&nbsp;<\/p>\n<pre>locate mcrypt.ini<\/pre>\n<pre>cd \/etc\/php5\/mods-available\/\n\nnano mcrypt.ini \n\n<\/pre>\n<p>&nbsp;<\/p>\n<p>Modificar el fichero asi:<\/p>\n<p>&nbsp;<\/p>\n<pre> configuration for php MCrypt module\nextension=\/usr\/lib\/php5\/20121212\/mcrypt.so<\/pre>\n<p>&nbsp;<\/p>\n<p>Ingresar los siguientes comandos:<\/p>\n<pre>ln -s \/etc\/php5\/mods-available\/mcrypt.ini \/etc\/php5\/cli\/conf.d\/20-mcrypt.ini<\/pre>\n<pre> ln -s \/etc\/php5\/mods-available\/mcrypt.ini \/etc\/php5\/apache2\/conf.d\/20-mcrypt.ini<\/pre>\n<pre> service apache2 restart<\/pre>\n<p>&nbsp;<\/p>\n<p>Para subsanar los errores bastar\u00e1 con refrescar la p\u00e1gina en el navegador.<\/p>\n<p>Fuente:\u00a0<a title=\"http:\/\/askubuntu.com\/questions\/460837\/mcrypt-extension-is-missing-in-14-04-server-for-mysql\" href=\"http:\/\/askubuntu.com\/questions\/460837\/mcrypt-extension-is-missing-in-14-04-server-for-mysql\">http:\/\/askubuntu.com\/questions\/460837\/mcrypt-extension-is-missing-in-14-04-server-for-mysql<\/a><\/p>\n<p>Si se desean modificar los atributos de tama\u00f1o de carga y capacidad de memoria, se pueden editar en el siguiente fichero:<\/p>\n<pre> nano \/etc\/php5\/apache2\/php.ini<\/pre>\n<p>&nbsp;<\/p>\n<p>Finalmente nos ser solicitado los datos de base de datos a la cual ser\u00e1 empleada por opencart. La base de datos debe ser creada desde el administrador de nuestro hosting,\u00a0 all\u00ed nos ser\u00e1 suministrado un nombre de usuario , una contrase\u00f1a y nombre para la base de datos.<\/p>\n<p>&nbsp;<\/p>\n<p>En el \u00faltimo paso de la instalaci\u00f3n tambi\u00e9n nos ser solicitado un usuario y su contrase\u00f1a para poder ingresar posteriormente al panel de administraci\u00f3n de opencart, no lo olvidemos!, tambi\u00e9n nos es solicitado una direcci\u00f3n de correo electr\u00f3nico que asociaremos a nuestro comercio virtual.<\/p>\n<p>&nbsp;<\/p>\n<p>Despu\u00e9s de la instalaci\u00f3n es necesario eliminar el directorio install.\u00a0 Una vez cumplido este requisito, ya \u00a0podremos acceder a nuestro panel de administraci\u00f3n y tambien a nuetra tienda online.<\/p>\n<p>&nbsp;<\/p>\n<p>Por: Wilson Fabian Roa Mart\u00edn.<\/p>\n<p>&nbsp;<\/p>\n<h3>Otros Tucos:<\/h3>\n<p>Modificar los cr\u00e9ditos de opencart y algunas traducciones del idioma:\u00a0<a title=\"Cambiar creditos\" href=\"http:\/\/www.templatemonster.com\/help\/opencart-2-x-how-to-edit-footer-links-and-copyright-notification.html#gref\" target=\"_blank\">http:\/\/www.templatemonster.com\/help\/opencart-2-x-how-to-edit-footer-links-and-copyright-notification.html#gref<\/a><\/p>\n","protected":false},"excerpt":{"rendered":"<p>Instalaci\u00f3n de Opencart &nbsp; Lo primero es descargar la versi\u00f3n de opencart mas reciente. \u201copencart.com\u201d Se descomprime el archivo descargado, y all\u00ed encontraremos unas instrucciones de instalaci\u00f3n en el archivo install.txt &nbsp; Lo primero es subir\u00a0 el contenido de la carpeta upload a nuestro directorio raiz de hosting. Por lo general a este se le [&hellip;]<\/p>\n","protected":false},"author":2,"featured_media":0,"parent":0,"menu_order":2016,"comment_status":"open","ping_status":"open","template":"","meta":{"footnotes":""},"class_list":["post-163","page","type-page","status-publish","hentry"],"_links":{"self":[{"href":"https:\/\/tunjasoporte.890m.com\/index.php\/wp-json\/wp\/v2\/pages\/163","targetHints":{"allow":["GET"]}}],"collection":[{"href":"https:\/\/tunjasoporte.890m.com\/index.php\/wp-json\/wp\/v2\/pages"}],"about":[{"href":"https:\/\/tunjasoporte.890m.com\/index.php\/wp-json\/wp\/v2\/types\/page"}],"author":[{"embeddable":true,"href":"https:\/\/tunjasoporte.890m.com\/index.php\/wp-json\/wp\/v2\/users\/2"}],"replies":[{"embeddable":true,"href":"https:\/\/tunjasoporte.890m.com\/index.php\/wp-json\/wp\/v2\/comments?post=163"}],"version-history":[{"count":0,"href":"https:\/\/tunjasoporte.890m.com\/index.php\/wp-json\/wp\/v2\/pages\/163\/revisions"}],"wp:attachment":[{"href":"https:\/\/tunjasoporte.890m.com\/index.php\/wp-json\/wp\/v2\/media?parent=163"}],"curies":[{"name":"wp","href":"https:\/\/api.w.org\/{rel}","templated":true}]}}