{"id":213,"date":"2016-03-28T01:27:44","date_gmt":"2016-03-28T01:27:44","guid":{"rendered":"http:\/\/apuntescreativos.890m.com\/?page_id=213"},"modified":"2016-03-28T01:27:44","modified_gmt":"2016-03-28T01:27:44","slug":"vtiger-crm","status":"publish","type":"page","link":"https:\/\/tunjasoporte.890m.com\/index.php\/vtiger-crm\/","title":{"rendered":"Vtiger CRM"},"content":{"rendered":"<h2><a href=\"http:\/\/localhost\/miblog\/wp-content\/uploads\/2016\/03\/imagen28-e1459268053805-1.png\"><br \/>\n<\/a>Instalaci\u00f3n de CRM vtiger<\/h2>\n<p>por: Wilson Fabian Roa Mart\u00edn<\/p>\n<p><span lang=\"es-CO\">Quiz\u00e1s<\/span> la instalaci\u00f3n del CRM vtiger es similar al despliegue de cualquier CMS, sin embargo, es bueno mirar de forma detallada cada uno de los pasos de instalaci\u00f3n en los cuales se podr\u00edan encontrar algunos inconvenientes y en los cuales no vale la pena enfrascarse, ya que realmente resulta f\u00e1cil solucionar.<\/p>\n<p>Lo primero es descargar la versi\u00f3n de Vtiger del sitio oficial.<\/p>\n<p><a href=\"https:\/\/www.vtiger.com\/download\/\">https:\/\/www.vtiger.com\/download\/<\/a><\/p>\n<p><a href=\"http:\/\/localhost\/miblog\/wp-content\/uploads\/2016\/03\/imagen18-e1459126367314-1.png\"><img loading=\"lazy\" decoding=\"async\" class=\"size-full wp-image-214 aligncenter\" src=\"http:\/\/localhost\/miblog\/wp-content\/uploads\/2016\/03\/imagen18-e1459126367314-1.png\" alt=\"imagen\" width=\"756\" height=\"342\" \/><\/a><\/p>\n<p>All\u00ed encontraremos el link de descarga para sistemas windows, mac y unix, y un peque\u00f1o manual que nos indica los requisitos del sistema y los pasos para una instalaci\u00f3n exitosa.<\/p>\n<hr \/>\n<p class=\"western\"><span style=\"color: #002b36;\"><span style=\"font-family: 'Open Sans', sans-serif;\">Installation<\/span><\/span><\/p>\n<p>Vtiger CRM is web-application built using PHP.<\/p>\n<div id=\"pre-requisites\" dir=\"ltr\">\n<p>Pre-requisites<\/p>\n<ul>\n<li>Apache 2.1+<\/li>\n<li>MySQL 5.1+ (default storage engine = InnoDB)<\/li>\n<li>PHP 5.2+, 5.3\n<ul>\n<li>php-imap<\/li>\n<li>php-curl<\/li>\n<li>php-xml<\/li>\n<li>max_memory (min. 256MB)<\/li>\n<li>max_execution_time (min. 60 seconds)<\/li>\n<li>error_reporting (E_ALL &amp; ~E_NOTICE &amp; ~E_DEPRECATED)<\/li>\n<\/ul>\n<\/li>\n<li>Hardware: 4 GB RAM, 250 GB Disk (for file attachments)<\/li>\n<\/ul>\n<\/div>\n<p align=\"left\">Procedure<\/p>\n<ul>\n<li>Get your LAMP, WAMP, MAMP configured that meets the above pre-requisites.<\/li>\n<li>Unzip Vtiger CRM into web-folder (or document root)<\/li>\n<li>Make sure to provide writeable access to (Apache process owner) on web-folder.<\/li>\n<li>Visit\u00a0http:\/\/yourserver.tld\/index.php<\/li>\n<li>The wizard will help you get through next steps of installation<\/li>\n<\/ul>\n<hr \/>\n<p>&nbsp;<\/p>\n<p>Una descargado, se procede a descomprimir el archivo, lo cual nos mostrar\u00e1 la siguiente informaci\u00f3n.<\/p>\n<p><a href=\"http:\/\/localhost\/miblog\/wp-content\/uploads\/2016\/03\/imagen19-e1459126744985-1.png\"><img loading=\"lazy\" decoding=\"async\" class=\"size-full wp-image-215 aligncenter\" src=\"http:\/\/localhost\/miblog\/wp-content\/uploads\/2016\/03\/imagen19-e1459126744985-1.png\" alt=\"imagen\" width=\"800\" height=\"455\" \/><\/a><\/p>\n<p>Todos estos ficheros que se muestran en la imagen anterior, es necesario cargarlos a nuestro hosting mediante el empleo del servicio ftp y la utilizaci\u00f3n de un programa como filezilla.<\/p>\n<p>Posteriormente se conceden todos los permisos de ejecuci\u00f3n .<\/p>\n<p>En el panel de control del hosting, en la configuraci\u00f3n de php, ampliar al m\u00e1ximo el n\u00famero de variables.<\/p>\n<hr \/>\n<h3><\/h3>\n<h3>ALTERNATIVA<\/h3>\n<p>El procedimiento anterior empleando el programa filezilla puede tomar prolongados periodos de tiempo, por tal razon hay alternativas para cargar toda la informaci\u00f3n de una forma m\u00e1s r\u00e1pida.<\/p>\n<ul>\n<li>Lo primero es subir al servidor con filezilla todo el archivo comprimido.<\/li>\n<li>Ahora mediante la utilizaci\u00f3n del servicio ssh, descomprimir el archivo.<\/li>\n<\/ul>\n<p style=\"padding-left: 60px;\"><strong>ssh -p 65002 u887157259@185.28.21.181<\/strong><\/p>\n<p style=\"padding-left: 60px;\"><strong>-bash-4.1$ tar xzvf vtigercrm6.4.0.tar.gz\u00a0<\/strong><\/p>\n<ul>\n<li>Luego empleando el ftp del panel de control del hosting, se mueve el directorio descomprimido a la ubicaci\u00f3n deseada, se renombra el directorio y se le cambian los permisos de ejecuci\u00f3n.<\/li>\n<li>Siempre para borrar archivos es m\u00e1s rapido con el ftp del panel de control del hosting.<\/li>\n<\/ul>\n<hr \/>\n<p>&nbsp;<\/p>\n<p>&nbsp;<\/p>\n<p>Ahora, se puede iniciar la instalaci\u00f3n del vtiger \u00a0ingresando a la direcci\u00f3n url correspondiente al dominio del hosting.<\/p>\n<p><a href=\"http:\/\/localhost\/miblog\/wp-content\/uploads\/2016\/03\/imagen20-e1459127090120-1.png\"><img loading=\"lazy\" decoding=\"async\" class=\"size-full wp-image-216 aligncenter\" src=\"http:\/\/localhost\/miblog\/wp-content\/uploads\/2016\/03\/imagen20-e1459127090120-1.png\" alt=\"imagen\" width=\"722\" height=\"372\" \/><\/a><\/p>\n<p>Ojo aqu\u00ed! es muy importante que en el panel de control del servicio del hosting establezca la versi\u00f3n de PHP a utilizar. Si no se lleva a cabo esta acci\u00f3n, seguramente ser\u00e1n arrojados una gran cantidad de errores de interpretaci\u00f3n del c\u00f3digo de la aplicaci\u00f3n.<\/p>\n<p><a href=\"http:\/\/localhost\/miblog\/wp-content\/uploads\/2016\/03\/imagen21-e1459127321442-1.png\"><img loading=\"lazy\" decoding=\"async\" class=\"size-full wp-image-217 aligncenter\" src=\"http:\/\/localhost\/miblog\/wp-content\/uploads\/2016\/03\/imagen21-e1459127321442-1.png\" alt=\"imagen\" width=\"706\" height=\"386\" \/><\/a><\/p>\n<p><a href=\"http:\/\/localhost\/miblog\/wp-content\/uploads\/2016\/03\/imagen22-e1459127453304-1.png\"><img loading=\"lazy\" decoding=\"async\" class=\"size-full wp-image-218 aligncenter\" src=\"http:\/\/localhost\/miblog\/wp-content\/uploads\/2016\/03\/imagen22-e1459127453304-1.png\" alt=\"imagen\" width=\"516\" height=\"334\" \/><\/a><\/p>\n<p>&nbsp;<\/p>\n<p>para el siguiente paso recomiendo crear una base de datos directamente desde el panel de control del hosting, as\u00ed no habr\u00e1 problemas de configuraci\u00f3n.<\/p>\n<p><a href=\"http:\/\/localhost\/miblog\/wp-content\/uploads\/2016\/03\/imagen23-e1459128047274-1.png\"><img loading=\"lazy\" decoding=\"async\" class=\"size-full wp-image-219 aligncenter\" src=\"http:\/\/localhost\/miblog\/wp-content\/uploads\/2016\/03\/imagen23-e1459128047274-1.png\" alt=\"imagen\" width=\"644\" height=\"360\" \/><\/a><\/p>\n<p>&nbsp;<\/p>\n<p>&nbsp;<\/p>\n<p><a href=\"http:\/\/localhost\/miblog\/wp-content\/uploads\/2016\/03\/imagen24-e1459128152506-1.png\"><img loading=\"lazy\" decoding=\"async\" class=\"size-full wp-image-220 aligncenter\" src=\"http:\/\/localhost\/miblog\/wp-content\/uploads\/2016\/03\/imagen24-e1459128152506-1.png\" alt=\"imagen\" width=\"464\" height=\"324\" \/><\/a><\/p>\n<p>&nbsp;<\/p>\n<p><a href=\"http:\/\/localhost\/miblog\/wp-content\/uploads\/2016\/03\/imagen25-e1459128238753-1.png\"><img loading=\"lazy\" decoding=\"async\" class=\"size-full wp-image-221 aligncenter\" src=\"http:\/\/localhost\/miblog\/wp-content\/uploads\/2016\/03\/imagen25-e1459128238753-1.png\" alt=\"imagen\" width=\"700\" height=\"320\" \/><\/a><\/p>\n<p>&nbsp;<\/p>\n<p><a href=\"http:\/\/localhost\/miblog\/wp-content\/uploads\/2016\/03\/imagen26-e1459128312440-1.png\"><img loading=\"lazy\" decoding=\"async\" class=\"size-full wp-image-222 aligncenter\" src=\"http:\/\/localhost\/miblog\/wp-content\/uploads\/2016\/03\/imagen26-e1459128312440-1.png\" alt=\"imagen\" width=\"714\" height=\"338\" \/><\/a><\/p>\n<p>&nbsp;<\/p>\n<p><a href=\"http:\/\/localhost\/miblog\/wp-content\/uploads\/2016\/03\/imagen27-e1459267870527-1.png\"><img loading=\"lazy\" decoding=\"async\" class=\"size-full wp-image-227 aligncenter\" src=\"http:\/\/localhost\/miblog\/wp-content\/uploads\/2016\/03\/imagen27-e1459267870527-1.png\" alt=\"imagen\" width=\"666\" height=\"384\" \/><\/a><\/p>\n<p>&nbsp;<\/p>\n<p><img loading=\"lazy\" decoding=\"async\" class=\"size-full wp-image-229 aligncenter\" src=\"http:\/\/localhost\/miblog\/wp-content\/uploads\/2016\/03\/imagen28-e1459268053805-1.png\" alt=\"imagen\" width=\"448\" height=\"282\" \/><\/p>\n","protected":false},"excerpt":{"rendered":"<p>Instalaci\u00f3n de CRM vtiger por: Wilson Fabian Roa Mart\u00edn Quiz\u00e1s la instalaci\u00f3n del CRM vtiger es similar al despliegue de cualquier CMS, sin embargo, es bueno mirar de forma detallada cada uno de los pasos de instalaci\u00f3n en los cuales se podr\u00edan encontrar algunos inconvenientes y en los cuales no vale la pena enfrascarse, ya [&hellip;]<\/p>\n","protected":false},"author":2,"featured_media":0,"parent":0,"menu_order":0,"comment_status":"open","ping_status":"open","template":"","meta":{"footnotes":""},"class_list":["post-213","page","type-page","status-publish","hentry"],"_links":{"self":[{"href":"https:\/\/tunjasoporte.890m.com\/index.php\/wp-json\/wp\/v2\/pages\/213","targetHints":{"allow":["GET"]}}],"collection":[{"href":"https:\/\/tunjasoporte.890m.com\/index.php\/wp-json\/wp\/v2\/pages"}],"about":[{"href":"https:\/\/tunjasoporte.890m.com\/index.php\/wp-json\/wp\/v2\/types\/page"}],"author":[{"embeddable":true,"href":"https:\/\/tunjasoporte.890m.com\/index.php\/wp-json\/wp\/v2\/users\/2"}],"replies":[{"embeddable":true,"href":"https:\/\/tunjasoporte.890m.com\/index.php\/wp-json\/wp\/v2\/comments?post=213"}],"version-history":[{"count":0,"href":"https:\/\/tunjasoporte.890m.com\/index.php\/wp-json\/wp\/v2\/pages\/213\/revisions"}],"wp:attachment":[{"href":"https:\/\/tunjasoporte.890m.com\/index.php\/wp-json\/wp\/v2\/media?parent=213"}],"curies":[{"name":"wp","href":"https:\/\/api.w.org\/{rel}","templated":true}]}}