{"id":641,"date":"2023-01-07T14:10:01","date_gmt":"2023-01-07T14:10:01","guid":{"rendered":"http:\/\/tunjasoporte.890m.com\/?page_id=641"},"modified":"2023-01-07T14:10:01","modified_gmt":"2023-01-07T14:10:01","slug":"politica-de-datos","status":"publish","type":"page","link":"https:\/\/tunjasoporte.890m.com\/index.php\/politica-de-datos\/","title":{"rendered":"Pol\u00edtica de datos"},"content":{"rendered":"<p>Esta es una p\u00e1gina que no recoge informaci\u00f3n alguna, por lo tanto no aplica manejo de informaci\u00f3n personal.<\/p>\n<p>&nbsp;<\/p>\n","protected":false},"excerpt":{"rendered":"<p>Esta es una p\u00e1gina que no recoge informaci\u00f3n alguna, por lo tanto no aplica manejo de informaci\u00f3n personal. &nbsp;<\/p>\n","protected":false},"author":1,"featured_media":0,"parent":0,"menu_order":0,"comment_status":"closed","ping_status":"closed","template":"","meta":{"footnotes":""},"class_list":["post-641","page","type-page","status-publish","hentry"],"_links":{"self":[{"href":"https:\/\/tunjasoporte.890m.com\/index.php\/wp-json\/wp\/v2\/pages\/641","targetHints":{"allow":["GET"]}}],"collection":[{"href":"https:\/\/tunjasoporte.890m.com\/index.php\/wp-json\/wp\/v2\/pages"}],"about":[{"href":"https:\/\/tunjasoporte.890m.com\/index.php\/wp-json\/wp\/v2\/types\/page"}],"author":[{"embeddable":true,"href":"https:\/\/tunjasoporte.890m.com\/index.php\/wp-json\/wp\/v2\/users\/1"}],"replies":[{"embeddable":true,"href":"https:\/\/tunjasoporte.890m.com\/index.php\/wp-json\/wp\/v2\/comments?post=641"}],"version-history":[{"count":1,"href":"https:\/\/tunjasoporte.890m.com\/index.php\/wp-json\/wp\/v2\/pages\/641\/revisions"}],"predecessor-version":[{"id":642,"href":"https:\/\/tunjasoporte.890m.com\/index.php\/wp-json\/wp\/v2\/pages\/641\/revisions\/642"}],"wp:attachment":[{"href":"https:\/\/tunjasoporte.890m.com\/index.php\/wp-json\/wp\/v2\/media?parent=641"}],"curies":[{"name":"wp","href":"https:\/\/api.w.org\/{rel}","templated":true}]}}