{"id":91,"date":"2015-08-30T19:14:54","date_gmt":"2015-08-30T19:14:54","guid":{"rendered":"http:\/\/apuntescreativos.890m.com\/?page_id=91"},"modified":"2024-03-27T00:06:47","modified_gmt":"2024-03-27T00:06:47","slug":"tips","status":"publish","type":"page","link":"https:\/\/tunjasoporte.890m.com\/index.php\/tips\/","title":{"rendered":"Tips"},"content":{"rendered":"<h3>CAMBIAR LAS VARIABLES DE ENTORNO EN UBUNTU<\/h3>\n<p style=\"padding-left: 30px;\">Una forma de editar las variables de entorno de ubuntu es editar:<\/p>\n<pre style=\"padding-left: 60px;\"><strong>nano \/etc\/environment<\/strong><\/pre>\n<p style=\"padding-left: 30px;\">otra manera es el empleo del comando export, en el siguiente ejemplo se a\u00f1ade una variable de entorno al principio<\/p>\n<pre style=\"padding-left: 60px;\"><strong>export PATH=\/home\/user\/mis_prog\/:$PATH\r\n<\/strong><\/pre>\n<p style=\"padding-left: 30px;\">para colocar una variable al final:<\/p>\n<pre style=\"padding-left: 60px;\"><strong>export PATH=$PATH:\/home\/user\/mis_prog<\/strong><\/pre>\n<p style=\"padding-left: 30px;\">para ver el estado de las variables de entorno utilizar el siguiente comando<\/p>\n<pre style=\"padding-left: 60px;\"><strong>echo $PATH<\/strong><\/pre>\n<p>fuente \u00abcomo cambiar las variables de entorno\u00bb: <a title=\" http:\/\/es.ccm.net\/faq\/315-bash-la-variable-de-entorno-path\" href=\"%20http:\/\/es.ccm.net\/faq\/315-bash-la-variable-de-entorno-path\">\u00a0http:\/\/es.ccm.net\/faq\/315-bash-la-variable-de-entorno-path<\/a><\/p>\n<p>fuente: \u00a0\u00abcomo actualizar openssl\u00bb:\u00a0<a title=\"https:\/\/sandilands.info\/sgordon\/upgrade-latest-version-openssl-on-ubuntu\" href=\"https:\/\/sandilands.info\/sgordon\/upgrade-latest-version-openssl-on-ubuntu\">https:\/\/sandilands.info\/sgordon\/upgrade-latest-version-openssl-on-ubuntu<\/a><\/p>\n<p style=\"padding-left: 30px;\">La primera forma para el cambio de las variables de entrono funciona pero puede que solo funcione de forma temporal. Hay una manera que las variables de entorno sea de forma permanente.<\/p>\n<p style=\"padding-left: 30px;\">se trata de crear un archivo .sh en el directorio \/etc\/profile.d\/. ejemplo<\/p>\n<pre style=\"padding-left: 30px;\"><strong>sudo nano \/etc\/profile.d\/mypath.sh<\/strong><\/pre>\n<p style=\"padding-left: 30px;\">dentro de el agregamos un c\u00f3digo similar al siguiente:<\/p>\n<pre style=\"padding-left: 30px;\">export ANDROID_HOME=\/usr\/local\/Android\/Sdk\r\n<strong>export PATH=$ANDROID_HOME\/tools:$PATH<\/strong>\r\n<strong>export PATH=$ANDROID_HOME\/platform-tools:$PATH\r\n\r\notra opcion\r\n<\/strong><\/pre>\n<pre style=\"padding-left: 30px;\"><code class=\"language-shell\" data-lang=\"shell\"><span class=\"nb\">export <\/span><span class=\"nv\">ANDROID_HOME<\/span><span class=\"o\">=<\/span>\/usr\/local\/Android\/Sdk\/android-sdk-macosx\r\n<span class=\"nb\">export <\/span><span class=\"nv\">PATH<\/span><span class=\"o\">=<\/span><span class=\"k\">${<\/span><span class=\"nv\">PATH<\/span><span class=\"k\">}<\/span>:<span class=\"nv\">$ANDROID_HOME<\/span>\/tools:<span class=\"nv\">$ANDROID_HOME<\/span>\/platform-tools<\/code><\/pre>\n<pre style=\"padding-left: 30px;\"><strong>\u00a0<\/strong><\/pre>\n<p style=\"padding-left: 30px;\">Fuente :<a title=\"https:\/\/help.ubuntu.com\/community\/EnvironmentVariables\" href=\"https:\/\/help.ubuntu.com\/community\/EnvironmentVariables\">\u00a0https:\/\/help.ubuntu.com\/community\/EnvironmentVariables<\/a><\/p>\n<h3 style=\"padding-left: 30px;\">INSTALACION DE LA TIENDA SNAP DE CONSOLA EN UBUNTU 20<\/h3>\n<p style=\"padding-left: 30px;\">#sudo apt install snapd<br \/>\n#sudo snap install snap-store<\/p>\n<p>&nbsp;<\/p>\n<h3 style=\"padding-left: 30px;\">INSTALACI\u00d3N DE MICROSOFT OFFICCE EN UBUNTU Y ACCESOS DIRECTOS<\/h3>\n<p>Hoy aprend\u00ed dos cosas interesantes en ubuntu. la primera es como instalar una versi\u00f3n de microsoft officce y la segunda como desplegar accesos directos en el escritorio.<\/p>\n<p>Para instalar officce, primero hay que apoyarnos en la aplicaci\u00f3n PlayOnLinux, solo basta tener el instalador del correspondiente officce.<\/p>\n<p>&nbsp;<\/p>\n<p><img loading=\"lazy\" decoding=\"async\" class=\"size-full wp-image-130 aligncenter\" src=\"http:\/\/tunjasoporte.890m.com\/wp-content\/uploads\/2015\/08\/Selecci\u00f3n_001-1.png\" alt=\"Selecci\u00f3n_001\" width=\"378\" height=\"58\" \/><\/p>\n<p><a href=\"http:\/\/localhost\/miblog\/wp-content\/uploads\/2015\/08\/Selecci\u00f3n_002-1.png\"><img loading=\"lazy\" decoding=\"async\" class=\"wp-image-131 aligncenter\" src=\"http:\/\/tunjasoporte.890m.com\/wp-content\/uploads\/2015\/08\/Selecci\u00f3n_002-1.png\" alt=\"Selecci\u00f3n_002\" width=\"573\" height=\"415\" \/><\/a><\/p>\n<p>Fuente:\u00a0<a title=\"http:\/\/www.ubuntuleon.com\/2014\/10\/microsoft-office-2010-en-ubuntu.html\" href=\"http:\/\/www.ubuntuleon.com\/2014\/10\/microsoft-office-2010-en-ubuntu.html\">http:\/\/www.ubuntuleon.com\/2014\/10\/microsoft-office-2010-en-ubuntu.html<\/a><\/p>\n<p>Intalacion de AOEII\u00a0<a href=\"https:\/\/www.youtube.com\/watch?v=dG92QxF3Y80\" target=\"_blank\" rel=\"noopener\">https:\/\/www.youtube.com\/watch?v=dG92QxF3Y80<\/a><\/p>\n<p>Para la desplegar los iconos en el escritorio, resulta f\u00e1cil empleando la aplicaci\u00f3n cairo-dock. S\u00f3lo basta arrastrar los accesos de la barra de tareas.<\/p>\n<p><a href=\"http:\/\/localhost\/miblog\/wp-content\/uploads\/2015\/08\/Selecci\u00f3n_003-1.png\"><img loading=\"lazy\" decoding=\"async\" class=\"wp-image-133 aligncenter\" src=\"http:\/\/tunjasoporte.890m.com\/wp-content\/uploads\/2015\/08\/Selecci\u00f3n_003-1.png\" alt=\"Selecci\u00f3n_003\" width=\"471\" height=\"328\" \/><\/a><\/p>\n<p>&nbsp;<\/p>\n<h3>PARA DESINSTALAR UNA APLICACI\u00d3N EN UBUNTU<\/h3>\n<pre class=\"lang:default decode:true\">Ejemplo: en la consola,\r\n\r\nsudo apt-get --purge remove gimp<\/pre>\n<pre><code>dpkg -l virtualbox* | grep ^i<\/code><\/pre>\n<h3>PARA REPRODUCIR UN BLUE RAY DE VIDEO EN UBUNTU<\/h3>\n<p>Lo primero es instalar el VLC<\/p>\n<pre>sudo add-apt-repository ppa:n-muench\/vlc\r\nsudo apt-get update\r\nsudo apt-get install libaacs0 libbluray-bdj libbluray1\r\nsudo apt-get dist-upgrade\r\n\r\n\u00a0\r\n\r\ncd ~\/\r\nmkdir -p ~\/.config\/aacs\/\r\ncd ~\/.config\/aacs\/ &amp;&amp; wget http:\/\/vlc-bluray.whoknowsmy.name\/files\/KEYDB.cfg\r\n<\/pre>\n<h3 class=\"lang:default decode:true\"><a href=\"http:\/\/localhost\/miblog\/wp-content\/uploads\/2015\/08\/Selecci\u00f3n_0011-1.png\"><img loading=\"lazy\" decoding=\"async\" class=\"size-full wp-image-141 aligncenter\" src=\"http:\/\/tunjasoporte.890m.com\/wp-content\/uploads\/2015\/08\/Selecci\u00f3n_0011-1.png\" alt=\"Selecci\u00f3n_001\" width=\"525\" height=\"422\" \/><\/a><\/h3>\n<p>&nbsp;<\/p>\n<h3 class=\"lang:default decode:true\">CAMBIAR DE FORMA ALEATORIA EL WALLPAPER DE UBUNTU<\/h3>\n<p class=\"lang:default decode:true\">Para cambiar el fondo de forma aleatoria se emplea la aplicacion variety:<\/p>\n<p class=\"lang:default decode:true\">sudo add-apt-repository ppa:peterlevi\/ppa<br \/>\nsudo apt-get update<br \/>\nsudo apt-get install variety<\/p>\n<p class=\"lang:default decode:true\">Fuente:\u00a0<a title=\"http:\/\/ubuntuentoluca.blogspot.com.co\/2014\/04\/cambiar-fondo-de-escritorio.html\" href=\"http:\/\/ubuntuentoluca.blogspot.com.co\/2014\/04\/cambiar-fondo-de-escritorio.html\">http:\/\/ubuntuentoluca.blogspot.com.co\/2014\/04\/cambiar-fondo-de-escritorio.html<\/a><\/p>\n<h3 class=\"lang:default decode:true\">OTORGAR PERMISOS PARA INSTALACION DE COMPLEMENTOS<\/h3>\n<p class=\"lang:default decode:true\">Para que funcione todas la elecci\u00f3n de temas o instalaci\u00f3n de complementos:<br \/>\nchmod 777 plugins<br \/>\nnos vamos a \u00a0wp-config.php \u00a0y al final del fichero escribimos:<br \/>\ndefine(\u2018FS_METHOD\u2019,\u2019direct\u2018);<br \/>\ndespu\u00e9s agregamos los siguientes lineas desde la consola de comandos:<br \/>\nchown -R www-data:www-data \/var\/www<br \/>\nfind \/var\/www\/ -type d -exec chmod 755 {} \\;<br \/>\nfind \/var\/www\/ -type f -exec chmod 644 {} \\;<\/p>\n<h3 class=\"lang:default decode:true\">PARA HABILITAR LA APERTURA DE UNA CONSOLA DESDE NAUTILUS<\/h3>\n<pre class=\"lang:default decode:true\">sudo apt-get install nautilus-open-terminal\r\n\r\n<\/pre>\n<h3 class=\"lang:default decode:true\">PARA RECUPERAR INFORMACI\u00d3N DE DISCOS CON PROBLEMAS DE LECTURA<\/h3>\n<pre>:\/$ sudo apt-get install safecopy\r\n\r\n:\/$ sudo safecopy --stage1 \/media\/fabian\/MY_DATA_081214\/juicio\\ ii.mp4 \/tmp\/mycd.mp4\r\n\r\n\r\n<\/pre>\n<h3 class=\"lang:default decode:true\">PARA CONOCER LOS EQUIPOS DE MI RED<\/h3>\n<pre class=\"lang:default decode:true\"> sudo nmap -sP 172.16.108.0\r\n\r\n<\/pre>\n<h3>PARA VERIFICAR CONECTIVIDAD A TRAV\u00c9S DE UN PUERTO ESPEC\u00cdFICO<\/h3>\n<pre>telnet smtp.gmail.com 587\r\n<\/pre>\n<h3>PARA CAMBIAR LA CONTRASE\u00d1A DE WORDPRESS DESDE LA BASE DE DATOS<\/h3>\n<p>Ubicar la tabla wpusers<\/p>\n<p>En el campo password aplicar la contrase\u00f1a generada en el siguiente sitio <a href=\"http:\/\/scriptserver.mainframe8.com\/wordpress_password_hasher.php\" target=\"_blank\" rel=\"noopener\">http:\/\/scriptserver.mainframe8.com\/wordpress_password_hasher.php<\/a><\/p>\n<p>Listo!<\/p>\n<p>&nbsp;<\/p>\n<p>ACERCA DE HAMACHI<\/p>\n<p>hamachi logmein me permiti\u00f3 jugar en red simulado una red privada (VPN). Para que funcione de forma ideal primero es necesario configurar la red del computador dando prioridad a la red ipv4 de hamachi. Entre mas bajo sea el valor de la m\u00e9trica, mayor es la prioridad de la conexi\u00f3n.<\/p>\n<p><img loading=\"lazy\" decoding=\"async\" class=\"size-full wp-image-542 aligncenter\" src=\"http:\/\/tunjasoporte.890m.com\/wp-content\/uploads\/2020\/07\/hamachi.png\" alt=\"\" width=\"817\" height=\"781\" srcset=\"https:\/\/tunjasoporte.890m.com\/wp-content\/uploads\/2020\/07\/hamachi.png 817w, https:\/\/tunjasoporte.890m.com\/wp-content\/uploads\/2020\/07\/hamachi-768x734.png 768w\" sizes=\"auto, (max-width: 817px) 100vw, 817px\" \/><\/p>\n<p>Seg\u00fan lo anterior, la m\u00e9trica para la conexi\u00f3n de Internet podr\u00eda tener un valor de 5 y con ello, tendr\u00eda prioridad hamachi.<\/p>\n<p>Otro ajuste a realizar es configurar el hamachi para que utilice solo el ipv4 as\u00ed:<\/p>\n<p><img loading=\"lazy\" decoding=\"async\" class=\"size-full wp-image-544 aligncenter\" src=\"http:\/\/tunjasoporte.890m.com\/wp-content\/uploads\/2020\/07\/hamachi2.png\" alt=\"\" width=\"819\" height=\"411\" srcset=\"https:\/\/tunjasoporte.890m.com\/wp-content\/uploads\/2020\/07\/hamachi2.png 819w, https:\/\/tunjasoporte.890m.com\/wp-content\/uploads\/2020\/07\/hamachi2-768x385.png 768w\" sizes=\"auto, (max-width: 819px) 100vw, 819px\" \/><\/p>\n<p>Con ello debe funcionar. (contrase\u00f1as en mis notas)<\/p>\n<p>&nbsp;<\/p>\n<h3>C\u00f3mo montar un disco usb de windows que esta en estado de hibernaci\u00f3n<\/h3>\n<p>Si sale un aviso como:<\/p>\n<p>&nbsp;<\/p>\n<pre><code>Failed to mount '\/dev\/sdb2': Operation not permitted\r\nThe NTFS partition is in an unsafe state. Please resume and shutdown\r\nWindows fully (no hibernation or fast restarting), or mount the volume\r\nread-only with the 'ro' mount option<\/code><\/pre>\n<p>&nbsp;<\/p>\n<p>Se puede montar pero s\u00f3lo en modo de lectura:\u00a0 \u00abyaky\u00bb es una carpeta que se debe crear de forma manual mediante el comando \u00abmkdir\u00bb<\/p>\n<p>sudo mount -o ro \/dev\/sdb2 \/media\/fabian\/yaky<\/p>\n<h1>Para crear tareas programadas en ubuntu 20<\/h1>\n<p>Se emplea el comando crontab. Se debe emplear con permisos de administrador<\/p>\n<pre>sudo crontab -e<\/pre>\n<p>una vez se seleccione el editor de preferencia se edita el archivo<\/p>\n<p><img loading=\"lazy\" decoding=\"async\" class=\"size-full wp-image-604 aligncenter\" src=\"http:\/\/tunjasoporte.890m.com\/wp-content\/uploads\/2020\/11\/crontab.png\" alt=\"\" width=\"798\" height=\"523\" srcset=\"https:\/\/tunjasoporte.890m.com\/wp-content\/uploads\/2020\/11\/crontab.png 798w, https:\/\/tunjasoporte.890m.com\/wp-content\/uploads\/2020\/11\/crontab-768x503.png 768w\" sizes=\"auto, (max-width: 798px) 100vw, 798px\" \/><\/p>\n<pre>00 06 * * 1-5 \/sbin\/reboot\r\n30 12 * * 1-5 \/sbin\/reboot\r\n00 19 * * 1-5 \/sbin\/reboot<\/pre>\n<p>En el ejemplo anterior se crearon 3 reinicios. a las 6:30 a las 12:30 y a las 19:30, todos los d\u00edas, todos los meses.<\/p>\n<p>Si se desea ver el listado de tareas programadas:<\/p>\n<pre>sudo crontab -l<\/pre>\n<p>fuente: <a href=\"http:\/\/somebooks.es\/programar-una-tarea-repetitiva-en-ubuntu-server-20-04-lts\/\" target=\"_blank\" rel=\"noopener\">http:\/\/somebooks.es\/programar-una-tarea-repetitiva-en-ubuntu-server-20-04-lts\/<\/a><\/p>\n<p>&nbsp;<\/p>\n<h3>Copiar por consola omitiendo errores<\/h3>\n<pre>rsync -av --progress --ignore-errors * \/media\/fabian\/pelis3\/Mixta51\/<\/pre>\n<h1>Forma de cambiar carpeta de outlook para solucionar problemas de almacenamiento<\/h1>\n<p>Lo primero es copiar la informaci\u00f3n de la carpeta de outlook actual y pegarla en una segunda partici\u00f3n. Por lo general la carpeta de outlook se encuentra en el directorio del usuario\/AppData\/Microsoft\/Outlook.<\/p>\n<p>Cambiar el nombre de la carpeta actual por \u00abOutlook-back\u00bb para evitar cualquier contratiempo. Una vez se termine todo el proceso, esta carpeta se puede borrar.<\/p>\n<p>Luego se ejecuta el siguiente comando en consola como administrador:<\/p>\n<p><strong>mklink \/J \u00abDirectorio donde actual de outlook\u00bb \u00abNuevo directorio \u00ab<\/strong><\/p>\n<pre><strong>mklink \/J \"C:\\Users\\<em>nombre_de_usuario<\/em>\\AppData\\Local\\Microsoft\\Outlook\" \"d:\\Outlook\"<\/strong><\/pre>\n<p>listo!<\/p>\n<p>fuente:\u00a0\u00a0<a href=\"http:\/\/palel.es\/2014\/11\/03\/outlook-cambiar-la-ruta-de-la-carpeta-del-sistema-donde-se-guardan-los-ost\/\">http:\/\/palel.es\/2014\/11\/03\/outlook-cambiar-la-ruta-de-la-carpeta-del-sistema-donde-se-guardan-los-ost\/<\/a><\/p>\n<p>&nbsp;<\/p>\n<h3>Para solucionar problemas de instalacion en windows 10<\/h3>\n<p>En algunas ocasiones no permite instalar programas, esto se soluciona eliminado los archivos de la carpeta windows\\tmp y posteriormente asignandole todos los permisos de edici\u00f3n.<\/p>\n<p>&nbsp;<\/p>\n","protected":false},"excerpt":{"rendered":"<p>CAMBIAR LAS VARIABLES DE ENTORNO EN UBUNTU Una forma de editar las variables de entorno de ubuntu es editar: nano \/etc\/environment otra manera es el empleo del comando export, en el siguiente ejemplo se a\u00f1ade una variable de entorno al principio export PATH=\/home\/user\/mis_prog\/:$PATH para colocar una variable al final: export PATH=$PATH:\/home\/user\/mis_prog para ver el estado [&hellip;]<\/p>\n","protected":false},"author":2,"featured_media":0,"parent":0,"menu_order":0,"comment_status":"open","ping_status":"open","template":"","meta":{"footnotes":""},"class_list":["post-91","page","type-page","status-publish","hentry"],"_links":{"self":[{"href":"https:\/\/tunjasoporte.890m.com\/index.php\/wp-json\/wp\/v2\/pages\/91","targetHints":{"allow":["GET"]}}],"collection":[{"href":"https:\/\/tunjasoporte.890m.com\/index.php\/wp-json\/wp\/v2\/pages"}],"about":[{"href":"https:\/\/tunjasoporte.890m.com\/index.php\/wp-json\/wp\/v2\/types\/page"}],"author":[{"embeddable":true,"href":"https:\/\/tunjasoporte.890m.com\/index.php\/wp-json\/wp\/v2\/users\/2"}],"replies":[{"embeddable":true,"href":"https:\/\/tunjasoporte.890m.com\/index.php\/wp-json\/wp\/v2\/comments?post=91"}],"version-history":[{"count":24,"href":"https:\/\/tunjasoporte.890m.com\/index.php\/wp-json\/wp\/v2\/pages\/91\/revisions"}],"predecessor-version":[{"id":683,"href":"https:\/\/tunjasoporte.890m.com\/index.php\/wp-json\/wp\/v2\/pages\/91\/revisions\/683"}],"wp:attachment":[{"href":"https:\/\/tunjasoporte.890m.com\/index.php\/wp-json\/wp\/v2\/media?parent=91"}],"curies":[{"name":"wp","href":"https:\/\/api.w.org\/{rel}","templated":true}]}}